{"id":845,"date":"2016-07-08T17:08:36","date_gmt":"2016-07-08T17:08:36","guid":{"rendered":"http:\/\/princeonlinemuseum.com\/timeline\/?page_id=845"},"modified":"2020-03-14T18:40:04","modified_gmt":"2020-03-15T01:40:04","slug":"press","status":"publish","type":"page","link":"https:\/\/princeonlinemuseum.com\/timeline\/press\/","title":{"rendered":"Press"},"content":{"rendered":"<p>The Prince Online Museum has gotten some great press since the launch. We have compiled a list here for preservation. <\/p>\n<h4>Radio\/Podcasts<\/h4>\n<ul>\n<li><strong>Function with Anil Dash<\/strong> &#8211; 11\/13\/19 &#8211; <a href=\"https:\/\/glitch.com\/glimmer\/episode\/function-episode-18\" target=\"new\" rel=\"noopener noreferrer\">Purple Reign: What it Was Like to Work with Prince<\/a><\/li>\n<p><!-- \n\n<li><strong>Function with Anil Dash<\/strong> - 11\/08\/19 - <a href=\"https:\/\/glitch.com\/glimmer\/episode\/function-episode-17\" target=\"new\" rel=\"noopener noreferrer\">Computer Blue: Prince's Online Legacy<\/a><\/li>\n\n --><\/p>\n<li><strong>Subscribed Podcast<\/strong> &#8211; 8\/2\/16 &#8211; <a href=\"https:\/\/www.zuora.com\/guides\/subscribed-podcast-ep-6-sam-jennings-prince-music-streaming-business\/\" target=\"new\" rel=\"noopener noreferrer\">Sam Jennings on Prince and the Music Streaming Business<\/a><\/li>\n<li><strong>Minnesota Public Radio<\/strong> &#8211; 7\/6\/16 &#8211; <a href=\"http:\/\/www.mprnews.org\/story\/2016\/07\/06\/prince-museum\" target=\"new\" rel=\"noopener noreferrer\">You can now visit the Prince Online Museum<\/a><\/li>\n<li><strong>NPG Underground Blogcast<\/strong> &#8211; 7\/3\/16 &#8211; <a href=\"http:\/\/www.blogtalkradio.com\/npgutalk\/2016\/07\/04\/npgu-radio-10th-anniversary-show\" target=\"new\" rel=\"noopener noreferrer\">10th Anniversary Show<\/a><\/li>\n<li><strong>Upper Room with Joe Kelly<\/strong> &#8211; 6\/20\/16 &#8211; <a href=\"http:\/\/www.upperroomwithjoekelley.com\/\" target=\"new\" rel=\"noopener noreferrer\">Interview with Sam Jennings<\/a><\/li>\n<\/ul>\n<h4>Featured Articles<\/h4>\n<ul>\n<li><strong>Billboard<\/strong> &#8211; 7\/4\/16 &#8211; <a href=\"http:\/\/www.billboard.com\/articles\/news\/7424040\/prince-online-museum-website\" target=\"new\" rel=\"noopener noreferrer\">Prince Online Museum Launches: See the Singer&#8217;s Official Websites Spanning 20 Years<\/a><\/li>\n<li><strong>New York Times<\/strong> &#8211; 7\/4\/16 &#8211; <a href=\"http:\/\/www.nytimes.com\/2016\/07\/05\/arts\/music\/prince-websites-compiled-in-online-museum.html?_r=0\" target=\"new\" rel=\"noopener noreferrer\">Prince Websites Compiled in Online Museum<\/a><\/li>\n<li><strong>TheFourOhFive<\/strong> &#8211; 7\/4\/16 &#8211; <a href=\"http:\/\/www.thefourohfive.com\/music\/article\/how-the-prince-online-museum-came-together-146\" target=\"new\" rel=\"noopener noreferrer\">Why and how the Prince Online Museum became the ultimate tribute<\/a><\/li>\n<li><strong>Huffington Post<\/strong> &#8211; 7\/13\/16 &#8211; <a href=\"http:\/\/www.huffingtonpost.com\/entry\/prince-online-museum-brings-the-purple-ones-many-magical-websites-2-u-4-free_us_57852bd9e4b0ed2111d7ba88\" target=\"new\" rel=\"noopener noreferrer\">Prince Didn\u2019t Hate The Internet. And His 17 Different Websites Prove It.<\/a><\/li>\n<\/ul>\n<h4>Articles<\/h4>\n<ul>\n<li><strong>Rolling Stone<\/strong> &#8211; 7\/4\/16 &#8211; <a href=\"http:\/\/www.rollingstone.com\/music\/news\/tour-princes-colorful-internet-presence-in-online-museum-20160704\" target=\"new\" rel=\"noopener noreferrer\">Tour Prince&#8217;s Colorful Internet Presence in Online Museum<\/a><\/li>\n<li><strong>Pitchfork<\/strong> &#8211; 7\/4\/16 &#8211; <a href=\"http:\/\/pitchfork.com\/news\/66558-prince-online-museum-launches\/\" target=\"new\" rel=\"noopener noreferrer\">Prince Online Museum Launches<\/a><\/li>\n<li><strong>Time<\/strong> &#8211; 7\/4\/16 &#8211; <a href=\"http:\/\/time.com\/4394915\/theres-an-online-museum-dedicated-to-princes-online-presence\/\" target=\"new\" rel=\"noopener noreferrer\">There\u2019s An Online Museum Dedicated to Prince\u2019s Online Presence<\/a><\/li>\n<li><strong>Newsweek<\/strong> &#8211; 7\/4\/16 &#8211; <a href=\"http:\/\/www.newsweek.com\/there-now-prince-online-museum-archiving-his-old-websites-477703\" target=\"new\" rel=\"noopener noreferrer\">Online Prince Museum Archiving Singer&#8217;s Old Websites<\/a><\/li>\n<li><strong>Minneapolis StarTribune<\/strong> &#8211; 7\/4\/16 &#8211; <a href=\"http:\/\/www.startribune.com\/prince-online-museum-goes-live\/385492131\/\" target=\"new\" rel=\"noopener noreferrer\">Prince Online Museum goes live<\/a><\/li>\n<li><strong>Engadget<\/strong> &#8211; 7\/4\/16 &#8211; <a href=\"https:\/\/www.engadget.com\/2016\/07\/04\/prince-online-museum\/\" target=\"new\" rel=\"noopener noreferrer\">Prince Online Museum revisits the musician&#8217;s web history<\/a><\/li>\n<li><strong>The Verge<\/strong> &#8211; 7\/4\/16 &#8211; <a href=\"http:\/\/www.theverge.com\/2016\/7\/4\/12093118\/prince-online-museum-websites\" target=\"new\" rel=\"noopener noreferrer\">The Prince Online Museum lets fans tour 20 years of the artist\u2019s websites<\/a><\/li>\n<li><strong>Mashable<\/strong> &#8211; 7\/4\/16 &#8211; <a href=\"http:\/\/mashable.com\/2016\/07\/05\/prince-online-museum\/#tGUZMcqqrsqA\" target=\"new\" rel=\"noopener noreferrer\">New online museum launches to honor Prince&#8217;s websites<\/a><\/li>\n<li><strong>CNET<\/strong> &#8211; 7\/4\/16 &#8211; <a href=\"http:\/\/www.cnet.com\/news\/prince-websites-get-their-own-online-museum\/\" target=\"new\" rel=\"noopener noreferrer\">Prince websites get their own online museum<\/a><\/li>\n<li><strong>Slate<\/strong> &#8211; 7\/4\/16 &#8211; <a href=\"http:\/\/www.slate.com\/blogs\/browbeat\/2016\/07\/05\/the_prince_online_museum_curates_all_of_the_legend_s_old_websites.html\" target=\"new\" rel=\"noopener noreferrer\">You Can Now Visit a Free Virtual Museum of Prince\u2019s Many Old Websites<\/a><\/li>\n<li><strong>OkayPlayer<\/strong> &#8211; 7\/4\/16 &#8211; <a href=\"http:\/\/www.okayplayer.com\/news\/princes-web-archives-to-be-turned-into-the-prince-online-museum.html\" target=\"new\" rel=\"noopener noreferrer\">Prince\u2019s Web Archives To Be Turned Into The Prince Online Museum<\/a><\/li>\n<li><strong>Stereogum<\/strong> &#8211; 7\/4\/16 &#8211; <a href=\"http:\/\/www.stereogum.com\/1886047\/prince-online-museum-launches\/news\/\" target=\"new\" rel=\"noopener noreferrer\">Prince Online Museum Launches<\/a><\/li>\n<li><strong>Fader<\/strong> &#8211; 7\/4\/16 &#8211; <a href=\"http:\/\/www.thefader.com\/2016\/07\/04\/the-prince-online-museum\" target=\"new\" rel=\"noopener noreferrer\">Explore Classic Prince Websites With The Prince Online Museum<\/a><\/li>\n<li><strong>Open Culture<\/strong> &#8211; 7\/4\/16 &#8211; <a href=\"http:\/\/www.openculture.com\/2016\/07\/prince-online-museum.html\" target=\"new\" rel=\"noopener noreferrer\">The New Prince Online Museum Archives 16 of Prince\u2019s Official Web Sites, Spanning 20 Years<\/a><\/li>\n<li><strong>Vutlure<\/strong> &#8211; 7\/4\/16 &#8211; <a href=\"http:\/\/www.vulture.com\/2016\/07\/prince-online-museum-now-a-thing.html\" target=\"new\" rel=\"noopener noreferrer\">Relive Decades of Fandom With the Prince Online Museum\u2019s Collection of 12 Websites<\/a><\/li>\n<li><strong>Pigeons And Planes<\/strong> &#8211; 7\/4\/16 &#8211; <a href=\"http:\/\/pigeonsandplanes.com\/2016\/07\/prince-online-museum\/\" target=\"new\" rel=\"noopener noreferrer\">Prince&#8217;s Web Presence Chronicled in Online Museum<\/a><\/li>\n<li><strong>Dazed<\/strong> &#8211; 7\/4\/16 &#8211; <a href=\"http:\/\/www.dazeddigital.com\/music\/article\/31892\/1\/prince-online-museum-launches?utm_source=Link&amp;utm_medium=Link&amp;utm_campaign=RSSFeed&amp;utm_term=an-online-museum-dedicated-to-prince-has-just-launched\" target=\"new\" rel=\"noopener noreferrer\">An online museum dedicated to Prince has just launched<\/a><\/li>\n<li><strong>CeleBuzz<\/strong> &#8211; 7\/4\/16 &#8211; <a href=\"http:\/\/www.celebuzz.com\/2016-07-05\/prince-online-museum\/\" target=\"new\" rel=\"noopener noreferrer\">You Can Now Visit the Prince Online Museum<\/a><\/li>\n<li><strong>Contact Music<\/strong> &#8211; 7\/4\/16 &#8211; <a href=\"http:\/\/www.contactmusic.com\/prince\/news\/prince-online-museum-launches_5311838\" target=\"new\" rel=\"noopener noreferrer\">Prince Online Museum Launches, Archiving The Star&#8217;s Websites Over The Years<\/a><\/li>\n<li><strong>The Boombox<\/strong> &#8211; 7\/4\/16 &#8211; <a href=\"http:\/\/theboombox.com\/prince-online-museum-launches-features-an-archive-of-his-websites-over-the-past-20-years\/\" target=\"new\" rel=\"noopener noreferrer\">Prince Online Museum Launches, Features an Archive of His Websites Over the Past 20 Years<\/a><\/li>\n<li><strong>Chart Attack<\/strong> &#8211; 7\/4\/16 &#8211; <a href=\"http:\/\/www.chartattack.com\/news\/2016\/07\/04\/prince-didnt-hate-the-internet-he-was\/\" target=\"new\" rel=\"noopener noreferrer\">Starting today, you can browse Prince\u2019s official websites since 1996<\/a>\n<li><strong>4KQ<\/strong> &#8211; 7\/4\/16 &#8211; <a href=\"http:\/\/www.4kq.com.au\/entertainment\/music-news\/prince-online-museum-and-auction-items\" target=\"new\" rel=\"noopener noreferrer\">Prince Online Museum<\/a><\/li>\n<li><strong>Notion Magazine<\/strong> &#8211; 7\/4\/16 &#8211; <a href=\"http:\/\/notionmagazine.com\/news-online-museum-opens-showcasing-online-history-prince\/\" target=\"new\" rel=\"noopener noreferrer\">Online Prince Museum Launches<\/a><\/li>\n<li><strong>HypeBeast<\/strong> &#8211; 7\/4\/16 &#8211; <a href=\"http:\/\/hypebeast.com\/2016\/7\/explore-prince-online-museum\" target=\"new\" rel=\"noopener noreferrer\">You Can Now Explore Prince&#8217;s Online Museum<\/a><\/li>\n<li><strong>DJ Mag<\/strong> &#8211; 7\/4\/16 &#8211; <a href=\"https:\/\/djmag.com\/news\/prince-online-museum-opens-spanning-20-years-web-innovation\" target=\"new\" rel=\"noopener noreferrer\">Prince Online Museum Opens, Spanning 20 Years of Web Innovation<\/a><\/li>\n<li><strong>Live Nation TV<\/strong> &#8211; 7\/5\/16 &#8211; <a href=\"https:\/\/livenation.vice.com\/en_us\/article\/prince-website-museum\" target=\"new\" rel=\"noopener noreferrer\">There Is Now A Prince Online Museum<\/a><\/li>\n<li><strong>Radio.com<\/strong> &#8211; 7\/5\/16 &#8211; <a href=\"http:\/\/radio.com\/2016\/07\/05\/explore-online-museum-of-princes-digital-career\/\" target=\"new\" rel=\"noopener noreferrer\">Explore an \u2018Online Museum\u2019 of Prince\u2019s Digital Career<\/a><\/li>\n<li><strong>Vocativ<\/strong> &#8211; 7\/5\/16 &#8211; <a href=\"http:\/\/www.vocativ.com\/336856\/visit-the-free-online-museum-devoted-to-prince-websites\/\" target=\"new\" rel=\"noopener noreferrer\">Visit The Free Online Museum Devoted To Prince Websites<\/a><\/li>\n<li><strong>ABC News Radio<\/strong> &#8211; 7\/5\/16 &#8211; <a href=\"http:\/\/abcnewsradioonline.com\/music-news\/2016\/7\/5\/prince-online-museum-launched-for-independence-day.html\" target=\"new\" rel=\"noopener noreferrer\">Prince Online Museum Launched for Independence Day<\/a><\/li>\n<li><strong>WKFR<\/strong> &#8211; 7\/5\/16 &#8211; <a href=\"http:\/\/wkfr.com\/prince-online-museum\/\" target=\"new\" rel=\"noopener noreferrer\">Prince Online Museum<\/a><\/li>\n<li><strong>Paste Magazine<\/strong> &#8211; 7\/5\/16 &#8211; <a href=\"https:\/\/www.pastemagazine.com\/articles\/2016\/07\/prince-museum-online-website-history.html\" target=\"new\" rel=\"noopener noreferrer\">Visit the Prince Online Museum, Featuring a Detailed History of Prince&#8217;s Past Official Websites<\/a><\/li>\n<li><strong>Colorlines<\/strong> &#8211; 7\/5\/16 &#8211; <a href=\"https:\/\/www.colorlines.com\/articles\/princes-websites-curated-create-new-online-museum\" target=\"new\" rel=\"noopener noreferrer\">Prince&#8217;s Websites Curated to Create New Online Museum<\/a><\/li>\n<li><strong>Irish Examiner<\/strong> &#8211; 7\/6\/16 &#8211; <a href=\"http:\/\/www.irishexaminer.com\/technow\/tech\/prince-online-museum-launches-to-celebrate-singers-online-presence-408594.html\" target=\"new\" rel=\"noopener noreferrer\">Prince Online Museum launches to celebrate singer&#8217;s online presence<\/a><\/li>\n<li><strong>Harlem World<\/strong> &#8211; 7\/6\/16 &#8211; <a href=\"http:\/\/harlemworldmag.com\/hw-pick-the-new-prince-online-museum-spanning-20-years\/\" target=\"new\" rel=\"noopener noreferrer\">HW Pick: The New Prince Online Museum Spans 20 Years<\/a><\/li>\n<\/ul>\n<h4>Additional Language Articles<\/h4>\n<ul>\n<li><strong>Variety Latino<\/strong> &#8211; 7\/4\/16 &#8211; <a href=\"http:\/\/varietylatino.com\/2016\/musica\/noticias\/prince-online-museum-artista-mundo-digital-256437\/\" target=\"new\" rel=\"noopener noreferrer\">Prince Online Museum permite conocer el rol del artista en el mundo digital<\/a><\/li>\n<li><strong>MyBandNews<\/strong> &#8211; 7\/4\/16 &#8211; <a href=\"http:\/\/mybandnews.com\/2016\/07\/un-musee-en-ligne-dedie-a-prince-vient-detre-lance-2\/?utm_content=buffer85a86&#038;utm_medium=social&#038;utm_source=twitter.com&#038;utm_campaign=buffer\" target=\"new\" rel=\"noopener noreferrer\">Un mus\u00e9e en ligne d\u00e9di\u00e9 aux sites web de Prince vient d\u2019\u00eatre lanc\u00e9 <\/a><\/li>\n<li><strong>DeMorgen<\/strong> &#8211; 7\/4\/16 &#8211; <a href=\"http:\/\/www.demorgen.be\/muziek\/archief-van-prince-staat-online-b1b7d478\/\" target=\"new\" rel=\"noopener noreferrer\">Archief van Prince staat online<\/a><\/li>\n<li><strong>Angulo7<\/strong> &#8211; 7\/4\/16 &#8211; <a href=\"http:\/\/angulo7.com.mx\/entretenimiento\/item\/15988-en-honor-a-prince-abren-un-museo-virtual-con-su-carrera-art%C3%ADstica.html\" target=\"new\" rel=\"noopener noreferrer\">En honor a Prince abren un museo virtual con su carrera art\u00edstica<\/a><\/li>\n<li><strong>Telerama<\/strong> &#8211; 7\/4\/16 &#8211; <a href=\"http:\/\/www.telerama.fr\/musique\/venez-faire-un-tour-dans-le-musee-virtuel-de-prince,144952.php?utm_medium=Social&#038;utm_source=Twitter&#038;utm_campaign=Echobox&#038;utm_term=Autofeed#link_time=1467842566\" target=\"new\" rel=\"noopener noreferrer\">Venez faire un tour dans le mus\u00e9e virtuel de Prince<\/a><\/li>\n<li><strong>SRF<\/strong> &#8211; 7\/4\/16 &#8211; <a href=\"http:\/\/www.srf.ch\/kultur\/im-fokus\/weblese\/ein-museum-fuer-prince-den-onlinepionier\" target=\"new\" rel=\"noopener noreferrer\">Ein Museum f\u00fcr Prince, den Onlinepionier <\/a><\/li>\n<li><strong>Vorterix<\/strong> &#8211; 7\/4\/16 &#8211; <a href=\"http:\/\/www.vorterix.com\/general\/7439\/abrio-el-museo-online-de-prince\" target=\"new\" rel=\"noopener noreferrer\">Abri\u00f3 El Museo Online De Prince<\/a><\/li>\n<li><strong>Le Figaro<\/strong> &#8211; 7\/4\/16 &#8211; <a href=\"http:\/\/www.lefigaro.fr\/musique\/2016\/07\/05\/03006-20160705ARTFIG00268-prince-visitez-son-musee-online-qui-vient-d-etre-inaugure.php\" target=\"new\" rel=\"noopener noreferrer\">Prince: visitez son mus\u00e9e online qui vient d&#8217;\u00eatre inaugur\u00e9<\/a><\/li>\n<li><strong>HLN.be<\/strong> &#8211; 7\/4\/16 &#8211; <a href=\"http:\/\/www.hln.be\/hln\/nl\/36742\/Overlijden-Prince\/article\/detail\/2787298\/2016\/07\/04\/Archief-van-Prince-staat-online.dhtml\" target=\"new\" rel=\"noopener noreferrer\">Archief van Prince staat online<\/a><\/li>\n<li><strong>fipradio.fr<\/strong> &#8211; 7\/11\/16 &#8211; <a href=\"http:\/\/www.fipradio.fr\/actualites\/entrez-dans-le-pantheon-virtuel-de-prince-24107\" target=\"new\" rel=\"noopener noreferrer\">Entrez dans le panth\u00e9on virtuel de Prince<\/a><\/li>\n<\/ul>\n","protected":false},"excerpt":{"rendered":"<p>The Prince Online Museum has gotten some great press since the launch. We have compiled a list here for preservation. Radio\/Podcasts Function with Anil Dash &#8211; 11\/13\/19 &#8211; Purple Reign: What it Was Like to Work with Prince Subscribed Podcast &#8211; 8\/2\/16 &#8211; Sam Jennings on Prince and the Music Streaming Business Minnesota Public Radio [&hellip;]<\/p>\n","protected":false},"author":1,"featured_media":740,"parent":0,"menu_order":0,"comment_status":"closed","ping_status":"closed","template":"page-tpl_right_sidebar.php","meta":{"footnotes":""},"class_list":["post-845","page","type-page","status-publish","has-post-thumbnail","hentry"],"_links":{"self":[{"href":"https:\/\/princeonlinemuseum.com\/timeline\/wp-json\/wp\/v2\/pages\/845","targetHints":{"allow":["GET"]}}],"collection":[{"href":"https:\/\/princeonlinemuseum.com\/timeline\/wp-json\/wp\/v2\/pages"}],"about":[{"href":"https:\/\/princeonlinemuseum.com\/timeline\/wp-json\/wp\/v2\/types\/page"}],"author":[{"embeddable":true,"href":"https:\/\/princeonlinemuseum.com\/timeline\/wp-json\/wp\/v2\/users\/1"}],"replies":[{"embeddable":true,"href":"https:\/\/princeonlinemuseum.com\/timeline\/wp-json\/wp\/v2\/comments?post=845"}],"version-history":[{"count":27,"href":"https:\/\/princeonlinemuseum.com\/timeline\/wp-json\/wp\/v2\/pages\/845\/revisions"}],"predecessor-version":[{"id":972,"href":"https:\/\/princeonlinemuseum.com\/timeline\/wp-json\/wp\/v2\/pages\/845\/revisions\/972"}],"wp:featuredmedia":[{"embeddable":true,"href":"https:\/\/princeonlinemuseum.com\/timeline\/wp-json\/wp\/v2\/media\/740"}],"wp:attachment":[{"href":"https:\/\/princeonlinemuseum.com\/timeline\/wp-json\/wp\/v2\/media?parent=845"}],"curies":[{"name":"wp","href":"https:\/\/api.w.org\/{rel}","templated":true}]}}